{"id":3173,"date":"2021-08-03T16:40:17","date_gmt":"2021-08-03T15:40:17","guid":{"rendered":"http:\/\/www.ekaterine.de\/?page_id=3173"},"modified":"2024-02-08T16:35:04","modified_gmt":"2024-02-08T15:35:04","slug":"biografia","status":"publish","type":"page","link":"https:\/\/www.ekaterine.de\/pt\/biografia\/","title":{"rendered":"Biografia"},"content":{"rendered":"<h1>\n\t\t\tEkaterine Khvedelidze - Biografia\n\t\t<\/h1>\n\t\t\t\t<img decoding=\"async\" src=\"https:\/\/www.ekaterine.de\/wp-content\/uploads\/2022\/05\/IMG_0221-858x1030.jpg\" alt=\"Ekaterine Khvedelidze - Biografia\" itemprop=\"image\" title=\"Ekaterine Khvedelidze - Biografia\" onerror=\"this.style.display='none'\"  \/>\n\t\n<h2>Ekaterine Khvedelidze - Biografia<\/h2>\n<p>Toca igualmente poderosa e sens\u00edvel, um sentido pronunciado do l\u00edrico, aliado a uma expressividade introvertida mas imediata - estas caracter\u00edsticas descrevem adequadamente as actua\u00e7\u00f5es do pianista Ekaterine Khvedelidze.<\/p>\n<p>Compositores da Europa de Leste como Fr\u00e9d\u00e9ric Chopin, Alexander Scriabin e Nikolai Medtner est\u00e3o no centro do seu compromisso com a m\u00fasica para piano do s\u00e9culo XIX e in\u00edcio do s\u00e9culo XX. O repert\u00f3rio de Khvedelidze tamb\u00e9m inclui obras de Johannes Brahms, C\u00e9sar Franck, Alban Berg, Robert Schumann e muitos outros compositores.<\/p>\n<p>Nascida na Ge\u00f3rgia, recebeu li\u00e7\u00f5es de piano da famosa professora Medea Gamsakhurdia a partir dos cinco anos de idade. O seu futuro caminho na vida levou-a primeiro \u00e0 Academia de M\u00fasica Detmold. Mais tarde, aceitou o convite do lend\u00e1rio pianista russo Igor Zhukov (1936-2018) para estudar com ele em Moscovo, onde recebeu a parte mais formativa da sua educa\u00e7\u00e3o.<\/p>\n<p>Ekaterine Khvedelidze vive em Berlim h\u00e1 muitos anos. Aparece aqui e a n\u00edvel nacional com programas de recital inteligentemente organizados; em 2019 fez a sua estreia no Elbphiharmonie de Hamburgo com um concerto a solo esgotado. No seu primeiro CD ela combina sonatas de Scriabin e Medtner com uma vers\u00e3o para piano do ciclo do \u00f3rg\u00e3o de Franck <em>Pr\u00e9lude, Fugue et Variation<\/em>; apresentando assim tr\u00eas personalidades compositoras centrais do final do per\u00edodo rom\u00e2ntico que s\u00e3o elogiadas pela sua escrita polif\u00f3nica e ritmicamente complexa para piano.<\/p>\nEkaterine Khvedelidze actua no esp\u00edrito do seu patrono e mentor Zhukov, que foi o primeiro a apresentar uma grava\u00e7\u00e3o completa das sonatas para piano de Alexander Scriabin. Nas pr\u00f3prias interpreta\u00e7\u00f5es de Khvedelidze sobre Scriabin em particular, torna-se claro porque \u00e9 que Zhukov a via como a sua sucessora art\u00edstica.<br \/>\n<!-- So wirkt es folgerichtig, dass im Jahr 2023 ihre eigene zyklische Einspielung der zehn Skrjabin-Sonaten erscheinen wird. --><br \/>\nCom as actua\u00e7\u00f5es do Concerto para Piano em F\u00e1 sustenido menor de Scriabin (incluindo <a href=\"\/pt\/concerto\/scriabin_klavierkonzert_fis_moll_opus_20_leipziger_symphonieorchester_kulturhaus_boehlen\/\">com a Orquestra Sinf\u00f3nica de Leipzig<\/a>), que foi largamente inspirado pelos concertos para piano de Chopin, e as justaposi\u00e7\u00f5es dos 24 Pr\u00e9ludes de Chopin e Scriabin, com os quais Ekaterine Khvedelidze aparece regularmente em concerto, \u00e9 poss\u00edvel abordar o repert\u00f3rio central do artista de diferentes maneiras.\n<p>&nbsp;<\/p>","protected":false},"excerpt":{"rendered":"<p>Ekaterine Khvedelidze &#8211; Biographie Ekaterine Khvedelidze &#8211; Biographie Gleicherma\u00dfen kraftvolles wie sensibles Spiel, ein ausgepr\u00e4gter Sinn f\u00fcr Lyrisches, gepaart mit einer introvertierten und doch unmittelbaren Ausdruckskraft &#8211; mit diesen Merkmalen lassen sich die Darbietungen der Pianistin Ekaterine Khvedelidze treffend beschreiben. Im Mittelpunkt ihres Engagements f\u00fcr die Klaviermusik des 19. und fr\u00fchen 20. Jahrhunderts stehen osteurop\u00e4ische [&hellip;]<\/p>\n","protected":false},"author":1,"featured_media":0,"parent":0,"menu_order":0,"comment_status":"closed","ping_status":"closed","template":"","meta":{"_acf_changed":false,"_analytify_skip_tracking":false,"footnotes":""},"class_list":["post-3173","page","type-page","status-publish","hentry","wpbf-post"],"acf":[],"_links":{"self":[{"href":"https:\/\/www.ekaterine.de\/pt\/wp-json\/wp\/v2\/pages\/3173","targetHints":{"allow":["GET"]}}],"collection":[{"href":"https:\/\/www.ekaterine.de\/pt\/wp-json\/wp\/v2\/pages"}],"about":[{"href":"https:\/\/www.ekaterine.de\/pt\/wp-json\/wp\/v2\/types\/page"}],"author":[{"embeddable":true,"href":"https:\/\/www.ekaterine.de\/pt\/wp-json\/wp\/v2\/users\/1"}],"replies":[{"embeddable":true,"href":"https:\/\/www.ekaterine.de\/pt\/wp-json\/wp\/v2\/comments?post=3173"}],"version-history":[{"count":23,"href":"https:\/\/www.ekaterine.de\/pt\/wp-json\/wp\/v2\/pages\/3173\/revisions"}],"predecessor-version":[{"id":3728,"href":"https:\/\/www.ekaterine.de\/pt\/wp-json\/wp\/v2\/pages\/3173\/revisions\/3728"}],"wp:attachment":[{"href":"https:\/\/www.ekaterine.de\/pt\/wp-json\/wp\/v2\/media?parent=3173"}],"curies":[{"name":"wp","href":"https:\/\/api.w.org\/{rel}","templated":true}]}}