{"id":2294,"date":"2017-08-22T18:33:45","date_gmt":"2017-08-22T17:33:45","guid":{"rendered":"http:\/\/www.ekaterine.de\/anfahrt\/"},"modified":"2021-08-03T16:47:30","modified_gmt":"2021-08-03T15:47:30","slug":"abordagem","status":"publish","type":"page","link":"https:\/\/www.ekaterine.de\/pt\/contato\/abordagem\/","title":{"rendered":"Abordagem"},"content":{"rendered":"<p>Ernsting.com Publications GmbH<br \/>\nSchleupestr. 13<br \/>\n48431 Rheine<\/p>\n<p>&nbsp;<\/p>\n<div class=\"brlbs-cmpnt-container brlbs-cmpnt-content-blocker brlbs-cmpnt-with-individual-styles\" data-borlabs-cookie-content-blocker-id=\"default\" data-borlabs-cookie-content=\"PGlmcmFtZSBzdHlsZT0iYm9yZGVyOiAwOyIgc3JjPSJodHRwczovL3d3dy5nb29nbGUuY29tL21hcHMvZW1iZWQ\/cGI9ITFtMTghMW0xMiExbTMhMWQyNDQwLjg0OTQyOTg4NDI5MSEyZDcuNDI4MjAzNTE1Nzk4NjI3ITNkNTIuMjgyNDM1NDc5NzY5ODQ1ITJtMyExZjAhMmYwITNmMCEzbTIhMWkxMDI0ITJpNzY4ITRmMTMuMSEzbTMhMW0yITFzMHg0N2I4MzJiZGQ1MDdhNTNiJTNBMHg3ZmI4MGVmMmE2YWIyM2NhITJzU2NobGV1cGVzdHJhJUMzJTlGZSUyMDEzJTJDJTIwNDg0MzElMjBSaGVpbmUlMkMlMjBEZXV0c2NobGFuZCE1ZTAhM20yITFzZGUhMnNlcyE0djE1Nzc2OTYzMDM1OTchNW0yITFzZGUhMnNlcyIgd2lkdGg9IjYwMCIgaGVpZ2h0PSI0NTAiIGZyYW1lYm9yZGVyPSIwIiBhbGxvd2Z1bGxzY3JlZW49ImFsbG93ZnVsbHNjcmVlbiI+PC9pZnJhbWU+\">\n<div class=\"brlbs-cmpnt-cb-preset-a\">\n<p class=\"brlbs-cmpnt-cb-description\">Est\u00e1 atualmente a visualizar um conte\u00fado de marcador de posi\u00e7\u00e3o de <strong>Default<\/strong>. Para aceder ao conte\u00fado real, clique no bot\u00e3o abaixo. Tenha em aten\u00e7\u00e3o que, ao faz\u00ea-lo, partilhar\u00e1 dados com fornecedores terceiros.<\/p>\n<div class=\"brlbs-cmpnt-cb-buttons\"> <a class=\"brlbs-cmpnt-cb-btn\" href=\"#\" data-borlabs-cookie-unblock role=\"button\">Desbloquear conte\u00fados<\/a> <a class=\"brlbs-cmpnt-cb-btn\" href=\"#\" data-borlabs-cookie-accept-service role=\"button\" style=\"display: none\">Aceitar o servi\u00e7o requerido e desbloquear conte\u00fados<\/a> <\/div>\n<p> <a class=\"brlbs-cmpnt-cb-provider-toggle\" href=\"#\" data-borlabs-cookie-show-provider-information role=\"button\">Mais informa\u00e7\u00f5es<\/a> <\/div>\n<\/div>","protected":false},"excerpt":{"rendered":"<p>Ernsting.com Publications GmbH Schleupestr. 13 48431 Rheine &nbsp; You are currently viewing a placeholder content from Default. To access the actual content, click the button below. Please note that doing so will share data with third-party providers. Unblock content Accept required service and unblock content More Information<\/p>","protected":false},"author":1,"featured_media":0,"parent":2291,"menu_order":0,"comment_status":"closed","ping_status":"closed","template":"","meta":{"_acf_changed":false,"_analytify_skip_tracking":false,"footnotes":""},"class_list":["post-2294","page","type-page","status-publish","hentry","wpbf-post"],"acf":[],"_links":{"self":[{"href":"https:\/\/www.ekaterine.de\/pt\/wp-json\/wp\/v2\/pages\/2294","targetHints":{"allow":["GET"]}}],"collection":[{"href":"https:\/\/www.ekaterine.de\/pt\/wp-json\/wp\/v2\/pages"}],"about":[{"href":"https:\/\/www.ekaterine.de\/pt\/wp-json\/wp\/v2\/types\/page"}],"author":[{"embeddable":true,"href":"https:\/\/www.ekaterine.de\/pt\/wp-json\/wp\/v2\/users\/1"}],"replies":[{"embeddable":true,"href":"https:\/\/www.ekaterine.de\/pt\/wp-json\/wp\/v2\/comments?post=2294"}],"version-history":[{"count":1,"href":"https:\/\/www.ekaterine.de\/pt\/wp-json\/wp\/v2\/pages\/2294\/revisions"}],"predecessor-version":[{"id":2611,"href":"https:\/\/www.ekaterine.de\/pt\/wp-json\/wp\/v2\/pages\/2294\/revisions\/2611"}],"up":[{"embeddable":true,"href":"https:\/\/www.ekaterine.de\/pt\/wp-json\/wp\/v2\/pages\/2291"}],"wp:attachment":[{"href":"https:\/\/www.ekaterine.de\/pt\/wp-json\/wp\/v2\/media?parent=2294"}],"curies":[{"name":"wp","href":"https:\/\/api.w.org\/{rel}","templated":true}]}}