{"id":3173,"date":"2021-08-03T16:40:17","date_gmt":"2021-08-03T15:40:17","guid":{"rendered":"http:\/\/www.ekaterine.de\/?page_id=3173"},"modified":"2024-02-08T16:35:04","modified_gmt":"2024-02-08T15:35:04","slug":"biographie","status":"publish","type":"page","link":"https:\/\/www.ekaterine.de\/fr\/biographie\/","title":{"rendered":"Biographie"},"content":{"rendered":"<h1>\n\t\t\tEkaterine Khvedelidze - Biographie\n\t\t<\/h1>\n\t\t\t\t<img decoding=\"async\" src=\"https:\/\/www.ekaterine.de\/wp-content\/uploads\/2022\/05\/IMG_0221-858x1030.jpg\" alt=\"Ekaterine Khvedelidze - Biographie\" itemprop=\"image\" title=\"Ekaterine Khvedelidze - Biographie\" onerror=\"this.style.display='none'\"  \/>\n\t\n<h2>Ekaterine Khvedelidze - Biographie<\/h2>\n<p>Un jeu \u00e0 la fois puissant et sensible, un sens prononc\u00e9 du lyrisme, associ\u00e9 \u00e0 une expressivit\u00e9 introvertie et pourtant imm\u00e9diate, telles sont les caract\u00e9ristiques qui d\u00e9crivent avec justesse les prestations de la pianiste Ekaterine Khvedelidze.<\/p>\n<p>Son engagement pour la musique pour piano du 19e et du d\u00e9but du 20e si\u00e8cle est centr\u00e9 sur des compositeurs d'Europe de l'Est tels que Fr\u00e9d\u00e9ric Chopin, Alexander Scriabine et Nikolai Medtner. Mais le r\u00e9pertoire de Khvedelidze comprend \u00e9galement des \u0153uvres de Johannes Brahms, C\u00e9sar Franck, Alban Berg, Robert Schumann et de nombreux autres compositeurs.<\/p>\n<p>Originaire de G\u00e9orgie, elle a suivi des cours de piano d\u00e8s l'\u00e2ge de cinq ans aupr\u00e8s de la c\u00e9l\u00e8bre p\u00e9dagogue Medea Gamsakhurdia. La suite de son parcours l'a d'abord conduite \u00e0 l'\u00e9cole sup\u00e9rieure de musique de Detmold. Plus tard, elle a accept\u00e9 l'invitation du l\u00e9gendaire pianiste russe Igor Zhukov (1936-2018) \u00e0 \u00e9tudier avec lui \u00e0 Moscou ; c'est l\u00e0 qu'elle a re\u00e7u la partie la plus marquante de sa formation.<\/p>\n<p>Depuis de nombreuses ann\u00e9es, Ekaterine Khvedelidze vit \u00e0 Berlin. Elle se produit ici et dans d'autres r\u00e9gions avec des programmes de r\u00e9citals intelligemment con\u00e7us ; en 2019, elle a fait ses d\u00e9buts \u00e0 l'Elbphiharmonie de Hambourg avec un concert solo \u00e0 guichets ferm\u00e9s. Sur son premier CD, elle combine des sonates de Scriabine et de Medtner avec une version pour piano du cycle d'orgue de Franck. <em>Pr\u00e9lude, Fugue et Variation<\/em>Elle pr\u00e9sente ainsi trois personnalit\u00e9s centrales de la fin du romantisme, r\u00e9put\u00e9es pour leur \u00e9criture polyphonique et rythmiquement complexe.<\/p>\nEkaterine Khvedelidze se produit dans l'esprit de son protecteur et mentor Zhukov, qui fut le premier \u00e0 r\u00e9aliser un enregistrement complet des sonates pour piano d'Alexander Skrjabin. C'est en particulier dans les interpr\u00e9tations de Scriabine de Khvedelidze que l'on comprend pourquoi Zhukov voyait en elle son successeur artistique.<br \/>\n<!-- So wirkt es folgerichtig, dass im Jahr 2023 ihre eigene zyklische Einspielung der zehn Skrjabin-Sonaten erscheinen wird. --><br \/>\nAvec les interpr\u00e9tations du Concerto pour piano en fa di\u00e8se mineur de Scriabine (notamment <a href=\"\/fr\/concert\/scriabin_klavierkonzert_fis_moll_opus_20_leipziger_symphonieorchester_kulturhaus_boehlen\/\">avec l'Orchestre symphonique de Leipzig<\/a>), qui a \u00e9t\u00e9 largement inspir\u00e9 par les concertos pour piano de Chopin, ainsi que les confrontations des 24 Pr\u00e9ludes de Chopin et de Scriabine, avec lesquels Ekaterine Khvedelidze se produit r\u00e9guli\u00e8rement en concert, il est possible d'aborder le r\u00e9pertoire principal de l'artiste par diff\u00e9rentes voies.\n<p>&nbsp;<\/p>","protected":false},"excerpt":{"rendered":"<p>Ekaterine Khvedelidze &#8211; Biographie Ekaterine Khvedelidze &#8211; Biographie Gleicherma\u00dfen kraftvolles wie sensibles Spiel, ein ausgepr\u00e4gter Sinn f\u00fcr Lyrisches, gepaart mit einer introvertierten und doch unmittelbaren Ausdruckskraft &#8211; mit diesen Merkmalen lassen sich die Darbietungen der Pianistin Ekaterine Khvedelidze treffend beschreiben. Im Mittelpunkt ihres Engagements f\u00fcr die Klaviermusik des 19. und fr\u00fchen 20. Jahrhunderts stehen osteurop\u00e4ische [&hellip;]<\/p>\n","protected":false},"author":1,"featured_media":0,"parent":0,"menu_order":0,"comment_status":"closed","ping_status":"closed","template":"","meta":{"_acf_changed":false,"_analytify_skip_tracking":false,"footnotes":""},"class_list":["post-3173","page","type-page","status-publish","hentry","wpbf-post"],"acf":[],"_links":{"self":[{"href":"https:\/\/www.ekaterine.de\/fr\/wp-json\/wp\/v2\/pages\/3173","targetHints":{"allow":["GET"]}}],"collection":[{"href":"https:\/\/www.ekaterine.de\/fr\/wp-json\/wp\/v2\/pages"}],"about":[{"href":"https:\/\/www.ekaterine.de\/fr\/wp-json\/wp\/v2\/types\/page"}],"author":[{"embeddable":true,"href":"https:\/\/www.ekaterine.de\/fr\/wp-json\/wp\/v2\/users\/1"}],"replies":[{"embeddable":true,"href":"https:\/\/www.ekaterine.de\/fr\/wp-json\/wp\/v2\/comments?post=3173"}],"version-history":[{"count":23,"href":"https:\/\/www.ekaterine.de\/fr\/wp-json\/wp\/v2\/pages\/3173\/revisions"}],"predecessor-version":[{"id":3728,"href":"https:\/\/www.ekaterine.de\/fr\/wp-json\/wp\/v2\/pages\/3173\/revisions\/3728"}],"wp:attachment":[{"href":"https:\/\/www.ekaterine.de\/fr\/wp-json\/wp\/v2\/media?parent=3173"}],"curies":[{"name":"wp","href":"https:\/\/api.w.org\/{rel}","templated":true}]}}