{"id":3179,"date":"2021-08-03T16:41:32","date_gmt":"2021-08-03T15:41:32","guid":{"rendered":"http:\/\/www.ekaterine.de\/?page_id=3179"},"modified":"2023-09-11T18:48:26","modified_gmt":"2023-09-11T17:48:26","slug":"videos-musicales","status":"publish","type":"page","link":"https:\/\/www.ekaterine.de\/es\/videos-musicales\/","title":{"rendered":"M\u00fasica y v\u00eddeos"},"content":{"rendered":"<h1>\n\t\t\t Scriabin 24 Pr\u00e9ludes op. 11\n\t\t<\/h1>\n\t<meta itemprop=\"name\" content=\"Ekaterine Khvedelidze - Konzerthaus Berlin - Chopin\" \/><meta itemprop=\"description\" content=\"Ekaterine Khvedelidze - Konzerthaus Berlin - Chopin\" \/><meta itemprop=\"uploadDate\" content=\"2018-09-09\" \/><meta itemprop=\"thumbnailUrl\" content=\"https:\/\/www.ekaterine.de\/wp-content\/uploads\/2021\/08\/Ekaterine_Khvedelidze_Klavierkonzert_Berlin.jpg\" \/><meta itemprop=\"contentUrl\" content=\"https:\/\/www.youtube.com\/watch?v=0CZ6aomLQNM\" \/><meta itemprop=\"embedUrl\" content=\"https:\/\/www.youtube.com\/watch?v=0CZ6aomLQNM\" \/>\t\n\t <div class=\"brlbs-cmpnt-container brlbs-cmpnt-content-blocker brlbs-cmpnt-with-individual-styles\" data-borlabs-cookie-content-blocker-id=\"youtube-content-blocker\" data-borlabs-cookie-content=\"PGlmcmFtZSBhbGxvd2Z1bGxzY3JlZW4gYWxsb3c9ImF1dG9wbGF5IiBzcmM9Imh0dHBzOi8vd3d3LnlvdXR1YmUtbm9jb29raWUuY29tL2VtYmVkLzBDWjZhb21MUU5NP2ZlYXR1cmU9b2VtYmVkJmFtcDtzdGFydCZhbXA7ZW5kJmFtcDt3bW9kZT1vcGFxdWUmYW1wO2xvb3A9MCZhbXA7Y29udHJvbHM9MSZhbXA7bXV0ZT0wJmFtcDtyZWw9MCZhbXA7bW9kZXN0YnJhbmRpbmc9MCI+PC9pZnJhbWU+\"><div class=\"brlbs-cmpnt-cb-preset-c brlbs-cmpnt-cb-youtube\"> <div class=\"brlbs-cmpnt-cb-thumbnail\" style=\"background-image: url('https:\/\/www.ekaterine.de\/wp-content\/uploads\/borlabs-cookie\/1\/yt_0CZ6aomLQNM_hqdefault.jpg')\"><\/div> <div class=\"brlbs-cmpnt-cb-main\"> <div class=\"brlbs-cmpnt-cb-play-button\"><\/div> <div class=\"brlbs-cmpnt-cb-content\"> <p class=\"brlbs-cmpnt-cb-description\">Est\u00e1s viendo un contenido de marcador de posici\u00f3n de <strong>Youtube<\/strong>. Para acceder al contenido real, haz clic en el siguiente bot\u00f3n. Ten en cuenta que al hacerlo compartir\u00e1s datos con terceros proveedores.<\/p> <a class=\"brlbs-cmpnt-cb-provider-toggle\" href=\"#\" data-borlabs-cookie-show-provider-information role=\"button\">M\u00e1s informaci\u00f3n<\/a> <\/div> <div class=\"brlbs-cmpnt-cb-buttons\"> <a class=\"brlbs-cmpnt-cb-btn\" href=\"#\" data-borlabs-cookie-unblock role=\"button\">Desbloquear contenido<\/a> <a class=\"brlbs-cmpnt-cb-btn\" href=\"#\" data-borlabs-cookie-accept-service role=\"button\" style=\"display: inherit\">Aceptar el servicio solicitado y desbloquear el contenido<\/a> <\/div> <\/div> <\/div><\/div>\t\t\n\t\t\t\t\tReproducir v\u00eddeo\n\t\t<h2>\n\t\t\tChopin Balada n\u00ba 4 en fa menor, op.52\n\t\t<\/h2>\n\t<meta itemprop=\"name\" content=\"Ekaterine Khvedelidze - Konzerthaus Berlin - Chopin\" \/><meta itemprop=\"description\" content=\"Ekaterine Khvedelidze - Konzerthaus Berlin - Chopin\" \/><meta itemprop=\"uploadDate\" content=\"2018-09-09\" \/><meta itemprop=\"thumbnailUrl\" content=\"http:\/\/www.ekaterine.de\/wp-content\/uploads\/2021\/08\/Ekaterine_Khvedelidze_Klavierkonzert_Berlin.jpg\" \/><meta itemprop=\"contentUrl\" content=\"https:\/\/www.youtube.com\/watch?v=MwHeb4O5N7E\" \/><meta itemprop=\"embedUrl\" content=\"https:\/\/www.youtube.com\/watch?v=MwHeb4O5N7E\" \/>\t\n\t <div class=\"brlbs-cmpnt-container brlbs-cmpnt-content-blocker brlbs-cmpnt-with-individual-styles\" data-borlabs-cookie-content-blocker-id=\"youtube-content-blocker\" data-borlabs-cookie-content=\"PGlmcmFtZSBhbGxvd2Z1bGxzY3JlZW4gYWxsb3c9ImF1dG9wbGF5IiBzcmM9Imh0dHBzOi8vd3d3LnlvdXR1YmUtbm9jb29raWUuY29tL2VtYmVkL013SGViNE81TjdFP2ZlYXR1cmU9b2VtYmVkJmFtcDtzdGFydCZhbXA7ZW5kJmFtcDt3bW9kZT1vcGFxdWUmYW1wO2xvb3A9MCZhbXA7Y29udHJvbHM9MSZhbXA7bXV0ZT0wJmFtcDtyZWw9MCZhbXA7bW9kZXN0YnJhbmRpbmc9MCI+PC9pZnJhbWU+\"><div class=\"brlbs-cmpnt-cb-preset-c brlbs-cmpnt-cb-youtube\"> <div class=\"brlbs-cmpnt-cb-thumbnail\" style=\"background-image: url('https:\/\/www.ekaterine.de\/wp-content\/uploads\/borlabs-cookie\/1\/yt_MwHeb4O5N7E_hqdefault.jpg')\"><\/div> <div class=\"brlbs-cmpnt-cb-main\"> <div class=\"brlbs-cmpnt-cb-play-button\"><\/div> <div class=\"brlbs-cmpnt-cb-content\"> <p class=\"brlbs-cmpnt-cb-description\">Est\u00e1s viendo un contenido de marcador de posici\u00f3n de <strong>Youtube<\/strong>. Para acceder al contenido real, haz clic en el siguiente bot\u00f3n. Ten en cuenta que al hacerlo compartir\u00e1s datos con terceros proveedores.<\/p> <a class=\"brlbs-cmpnt-cb-provider-toggle\" href=\"#\" data-borlabs-cookie-show-provider-information role=\"button\">M\u00e1s informaci\u00f3n<\/a> <\/div> <div class=\"brlbs-cmpnt-cb-buttons\"> <a class=\"brlbs-cmpnt-cb-btn\" href=\"#\" data-borlabs-cookie-unblock role=\"button\">Desbloquear contenido<\/a> <a class=\"brlbs-cmpnt-cb-btn\" href=\"#\" data-borlabs-cookie-accept-service role=\"button\" style=\"display: inherit\">Aceptar el servicio solicitado y desbloquear el contenido<\/a> <\/div> <\/div> <\/div><\/div>\t\t\n\t\t\t\t\tReproducir v\u00eddeo\n\t\t<h2>\n\t\t\tSonata n\u00ba 3 de Scriabin, op.23 1\/4\n\t\t<\/h2>\n\t<meta itemprop=\"name\" content=\"Ekaterine Khvedelidze - Konzerthaus Berlin - Chopin\" \/><meta itemprop=\"description\" content=\"Ekaterine Khvedelidze - Konzerthaus Berlin - Chopin\" \/><meta itemprop=\"uploadDate\" content=\"2018-09-09\" \/><meta itemprop=\"thumbnailUrl\" content=\"http:\/\/www.ekaterine.de\/wp-content\/uploads\/2021\/08\/Ekaterine_Khvedelidze_Klavierkonzert_Berlin.jpg\" \/><meta itemprop=\"contentUrl\" content=\"https:\/\/www.youtube.com\/watch?v=gxxCJYmEu2o\" \/><meta itemprop=\"embedUrl\" content=\"https:\/\/www.youtube.com\/watch?v=gxxCJYmEu2o\" \/>\t\n\t <div class=\"brlbs-cmpnt-container brlbs-cmpnt-content-blocker brlbs-cmpnt-with-individual-styles\" data-borlabs-cookie-content-blocker-id=\"youtube-content-blocker\" data-borlabs-cookie-content=\"PGlmcmFtZSBhbGxvd2Z1bGxzY3JlZW4gYWxsb3c9ImF1dG9wbGF5IiBzcmM9Imh0dHBzOi8vd3d3LnlvdXR1YmUtbm9jb29raWUuY29tL2VtYmVkL2d4eENKWW1FdTJvP2ZlYXR1cmU9b2VtYmVkJmFtcDtzdGFydCZhbXA7ZW5kJmFtcDt3bW9kZT1vcGFxdWUmYW1wO2xvb3A9MCZhbXA7Y29udHJvbHM9MSZhbXA7bXV0ZT0wJmFtcDtyZWw9MCZhbXA7bW9kZXN0YnJhbmRpbmc9MCI+PC9pZnJhbWU+\"><div class=\"brlbs-cmpnt-cb-preset-c brlbs-cmpnt-cb-youtube\"> <div class=\"brlbs-cmpnt-cb-thumbnail\" style=\"background-image: url('https:\/\/www.ekaterine.de\/wp-content\/uploads\/borlabs-cookie\/1\/yt_gxxCJYmEu2o_hqdefault.jpg')\"><\/div> <div class=\"brlbs-cmpnt-cb-main\"> <div class=\"brlbs-cmpnt-cb-play-button\"><\/div> <div class=\"brlbs-cmpnt-cb-content\"> <p class=\"brlbs-cmpnt-cb-description\">Est\u00e1s viendo un contenido de marcador de posici\u00f3n de <strong>Youtube<\/strong>. Para acceder al contenido real, haz clic en el siguiente bot\u00f3n. Ten en cuenta que al hacerlo compartir\u00e1s datos con terceros proveedores.<\/p> <a class=\"brlbs-cmpnt-cb-provider-toggle\" href=\"#\" data-borlabs-cookie-show-provider-information role=\"button\">M\u00e1s informaci\u00f3n<\/a> <\/div> <div class=\"brlbs-cmpnt-cb-buttons\"> <a class=\"brlbs-cmpnt-cb-btn\" href=\"#\" data-borlabs-cookie-unblock role=\"button\">Desbloquear contenido<\/a> <a class=\"brlbs-cmpnt-cb-btn\" href=\"#\" data-borlabs-cookie-accept-service role=\"button\" style=\"display: inherit\">Aceptar el servicio solicitado y desbloquear el contenido<\/a> <\/div> <\/div> <\/div><\/div>\t\t\n\t\t\t\t\tReproducir v\u00eddeo\n\t\t<h2>\n\t\t\tNocturno de Chopin en fa sostenido menor op.48, n\u00ba 2\n\t\t<\/h2>\n\t<meta itemprop=\"name\" content=\"Ekaterine Khvedelidze - Konzerthaus Berlin - Chopin\" \/><meta itemprop=\"description\" content=\"Ekaterine Khvedelidze - Konzerthaus Berlin - Chopin\" \/><meta itemprop=\"uploadDate\" content=\"2018-09-09\" \/><meta itemprop=\"thumbnailUrl\" content=\"http:\/\/www.ekaterine.de\/wp-content\/uploads\/2021\/08\/Ekaterine_Khvedelidze_Klavierkonzert_Berlin.jpg\" \/><meta itemprop=\"contentUrl\" content=\"https:\/\/www.youtube.com\/watch?v=6q6UlCczDtY\" \/><meta itemprop=\"embedUrl\" content=\"https:\/\/www.youtube.com\/watch?v=6q6UlCczDtY\" \/>\t\n\t <div class=\"brlbs-cmpnt-container brlbs-cmpnt-content-blocker brlbs-cmpnt-with-individual-styles\" data-borlabs-cookie-content-blocker-id=\"youtube-content-blocker\" data-borlabs-cookie-content=\"PGlmcmFtZSBhbGxvd2Z1bGxzY3JlZW4gYWxsb3c9ImF1dG9wbGF5IiBzcmM9Imh0dHBzOi8vd3d3LnlvdXR1YmUtbm9jb29raWUuY29tL2VtYmVkLzZxNlVsQ2N6RHRZP2ZlYXR1cmU9b2VtYmVkJmFtcDtzdGFydCZhbXA7ZW5kJmFtcDt3bW9kZT1vcGFxdWUmYW1wO2xvb3A9MCZhbXA7Y29udHJvbHM9MSZhbXA7bXV0ZT0wJmFtcDtyZWw9MCZhbXA7bW9kZXN0YnJhbmRpbmc9MCI+PC9pZnJhbWU+\"><div class=\"brlbs-cmpnt-cb-preset-c brlbs-cmpnt-cb-youtube\"> <div class=\"brlbs-cmpnt-cb-thumbnail\" style=\"background-image: url('https:\/\/www.ekaterine.de\/wp-content\/uploads\/borlabs-cookie\/1\/yt_6q6UlCczDtY_hqdefault.jpg')\"><\/div> <div class=\"brlbs-cmpnt-cb-main\"> <div class=\"brlbs-cmpnt-cb-play-button\"><\/div> <div class=\"brlbs-cmpnt-cb-content\"> <p class=\"brlbs-cmpnt-cb-description\">Est\u00e1s viendo un contenido de marcador de posici\u00f3n de <strong>Youtube<\/strong>. Para acceder al contenido real, haz clic en el siguiente bot\u00f3n. Ten en cuenta que al hacerlo compartir\u00e1s datos con terceros proveedores.<\/p> <a class=\"brlbs-cmpnt-cb-provider-toggle\" href=\"#\" data-borlabs-cookie-show-provider-information role=\"button\">M\u00e1s informaci\u00f3n<\/a> <\/div> <div class=\"brlbs-cmpnt-cb-buttons\"> <a class=\"brlbs-cmpnt-cb-btn\" href=\"#\" data-borlabs-cookie-unblock role=\"button\">Desbloquear contenido<\/a> <a class=\"brlbs-cmpnt-cb-btn\" href=\"#\" data-borlabs-cookie-accept-service role=\"button\" style=\"display: inherit\">Aceptar el servicio solicitado y desbloquear el contenido<\/a> <\/div> <\/div> <\/div><\/div>\t\t\n\t\t\t\t\tReproducir v\u00eddeo\n\t\t<h2>\n\t\t\tMedtner Sonata en sol menor, op. 22 1\/3\n\t\t<\/h2>\n\t<meta itemprop=\"name\" content=\"Ekaterine Khvedelidze - Konzerthaus Berlin - Chopin\" \/><meta itemprop=\"description\" content=\"Ekaterine Khvedelidze - Konzerthaus Berlin - Chopin\" \/><meta itemprop=\"uploadDate\" content=\"2018-09-09\" \/><meta itemprop=\"thumbnailUrl\" content=\"http:\/\/www.ekaterine.de\/wp-content\/uploads\/2021\/08\/Ekaterine_Khvedelidze_Klavierkonzert_Berlin.jpg\" \/><meta itemprop=\"contentUrl\" content=\"https:\/\/www.youtube.com\/watch?v=E72bCrQoHVI\" \/><meta itemprop=\"embedUrl\" content=\"https:\/\/www.youtube.com\/watch?v=E72bCrQoHVI\" \/>\t\n\t <div class=\"brlbs-cmpnt-container brlbs-cmpnt-content-blocker brlbs-cmpnt-with-individual-styles\" data-borlabs-cookie-content-blocker-id=\"youtube-content-blocker\" data-borlabs-cookie-content=\"PGlmcmFtZSBhbGxvd2Z1bGxzY3JlZW4gYWxsb3c9ImF1dG9wbGF5IiBzcmM9Imh0dHBzOi8vd3d3LnlvdXR1YmUtbm9jb29raWUuY29tL2VtYmVkL0U3MmJDclFvSFZJP2ZlYXR1cmU9b2VtYmVkJmFtcDtzdGFydCZhbXA7ZW5kJmFtcDt3bW9kZT1vcGFxdWUmYW1wO2xvb3A9MCZhbXA7Y29udHJvbHM9MSZhbXA7bXV0ZT0wJmFtcDtyZWw9MCZhbXA7bW9kZXN0YnJhbmRpbmc9MCI+PC9pZnJhbWU+\"><div class=\"brlbs-cmpnt-cb-preset-c brlbs-cmpnt-cb-youtube\"> <div class=\"brlbs-cmpnt-cb-thumbnail\" style=\"background-image: url('https:\/\/www.ekaterine.de\/wp-content\/uploads\/borlabs-cookie\/1\/yt_E72bCrQoHVI_hqdefault.jpg')\"><\/div> <div class=\"brlbs-cmpnt-cb-main\"> <div class=\"brlbs-cmpnt-cb-play-button\"><\/div> <div class=\"brlbs-cmpnt-cb-content\"> <p class=\"brlbs-cmpnt-cb-description\">Est\u00e1s viendo un contenido de marcador de posici\u00f3n de <strong>Youtube<\/strong>. Para acceder al contenido real, haz clic en el siguiente bot\u00f3n. Ten en cuenta que al hacerlo compartir\u00e1s datos con terceros proveedores.<\/p> <a class=\"brlbs-cmpnt-cb-provider-toggle\" href=\"#\" data-borlabs-cookie-show-provider-information role=\"button\">M\u00e1s informaci\u00f3n<\/a> <\/div> <div class=\"brlbs-cmpnt-cb-buttons\"> <a class=\"brlbs-cmpnt-cb-btn\" href=\"#\" data-borlabs-cookie-unblock role=\"button\">Desbloquear contenido<\/a> <a class=\"brlbs-cmpnt-cb-btn\" href=\"#\" data-borlabs-cookie-accept-service role=\"button\" style=\"display: inherit\">Aceptar el servicio solicitado y desbloquear el contenido<\/a> <\/div> <\/div> <\/div><\/div>\t\t\n\t\t\t\t\tReproducir v\u00eddeo\n\t\t<h2>\n\t\t\tNocturno de Chopin en do sostenido menor op.Posth.\n\t\t<\/h2>\n\t<meta itemprop=\"name\" content=\"Ekaterine Khvedelidze - Konzerthaus Berlin - Chopin\" \/><meta itemprop=\"description\" content=\"Ekaterine Khvedelidze - Konzerthaus Berlin - Chopin\" \/><meta itemprop=\"uploadDate\" content=\"2018-09-09\" \/><meta itemprop=\"thumbnailUrl\" content=\"http:\/\/www.ekaterine.de\/wp-content\/uploads\/2021\/08\/Ekaterine_Khvedelidze_Klavierkonzert_Berlin.jpg\" \/><meta itemprop=\"contentUrl\" content=\"https:\/\/www.youtube.com\/watch?v=6z2_9Ge2jhw\" \/><meta itemprop=\"embedUrl\" content=\"https:\/\/www.youtube.com\/watch?v=6z2_9Ge2jhw\" \/>\t\n\t <div class=\"brlbs-cmpnt-container brlbs-cmpnt-content-blocker brlbs-cmpnt-with-individual-styles\" data-borlabs-cookie-content-blocker-id=\"youtube-content-blocker\" data-borlabs-cookie-content=\"PGlmcmFtZSBhbGxvd2Z1bGxzY3JlZW4gYWxsb3c9ImF1dG9wbGF5IiBzcmM9Imh0dHBzOi8vd3d3LnlvdXR1YmUtbm9jb29raWUuY29tL2VtYmVkLzZ6Ml85R2Uyamh3P2ZlYXR1cmU9b2VtYmVkJmFtcDtzdGFydCZhbXA7ZW5kJmFtcDt3bW9kZT1vcGFxdWUmYW1wO2xvb3A9MCZhbXA7Y29udHJvbHM9MSZhbXA7bXV0ZT0wJmFtcDtyZWw9MCZhbXA7bW9kZXN0YnJhbmRpbmc9MCI+PC9pZnJhbWU+\"><div class=\"brlbs-cmpnt-cb-preset-c brlbs-cmpnt-cb-youtube\"> <div class=\"brlbs-cmpnt-cb-thumbnail\" style=\"background-image: url('https:\/\/www.ekaterine.de\/wp-content\/uploads\/borlabs-cookie\/1\/yt_6z2_9Ge2jhw_hqdefault.jpg')\"><\/div> <div class=\"brlbs-cmpnt-cb-main\"> <div class=\"brlbs-cmpnt-cb-play-button\"><\/div> <div class=\"brlbs-cmpnt-cb-content\"> <p class=\"brlbs-cmpnt-cb-description\">Est\u00e1s viendo un contenido de marcador de posici\u00f3n de <strong>Youtube<\/strong>. Para acceder al contenido real, haz clic en el siguiente bot\u00f3n. Ten en cuenta que al hacerlo compartir\u00e1s datos con terceros proveedores.<\/p> <a class=\"brlbs-cmpnt-cb-provider-toggle\" href=\"#\" data-borlabs-cookie-show-provider-information role=\"button\">M\u00e1s informaci\u00f3n<\/a> <\/div> <div class=\"brlbs-cmpnt-cb-buttons\"> <a class=\"brlbs-cmpnt-cb-btn\" href=\"#\" data-borlabs-cookie-unblock role=\"button\">Desbloquear contenido<\/a> <a class=\"brlbs-cmpnt-cb-btn\" href=\"#\" data-borlabs-cookie-accept-service role=\"button\" style=\"display: inherit\">Aceptar el servicio solicitado y desbloquear el contenido<\/a> <\/div> <\/div> <\/div><\/div>\t\t\n\t\t\t\t\tReproducir v\u00eddeo\n\t\t<h2>\n\t\t\tChick Corea y Ekaterine Khvedelidze tocan juntos\n\t\t<\/h2>\n\t<meta itemprop=\"name\" content=\"Ekaterine Khvedelidze - Konzerthaus Berlin - Chopin\" \/><meta itemprop=\"description\" content=\"Ekaterine Khvedelidze - Konzerthaus Berlin - Chopin\" \/><meta itemprop=\"uploadDate\" content=\"2018-09-09\" \/><meta itemprop=\"thumbnailUrl\" content=\"http:\/\/www.ekaterine.de\/wp-content\/uploads\/2021\/08\/Ekaterine_Khvedelidze_Klavierkonzert_Berlin.jpg\" \/><meta itemprop=\"contentUrl\" content=\"https:\/\/www.youtube.com\/watch?v=R90tWYAhn-0\" \/><meta itemprop=\"embedUrl\" content=\"https:\/\/www.youtube.com\/watch?v=R90tWYAhn-0\" \/>\t\n\t <div class=\"brlbs-cmpnt-container brlbs-cmpnt-content-blocker brlbs-cmpnt-with-individual-styles\" data-borlabs-cookie-content-blocker-id=\"youtube-content-blocker\" data-borlabs-cookie-content=\"PGlmcmFtZSBhbGxvd2Z1bGxzY3JlZW4gYWxsb3c9ImF1dG9wbGF5IiBzcmM9Imh0dHBzOi8vd3d3LnlvdXR1YmUtbm9jb29raWUuY29tL2VtYmVkL1I5MHRXWUFobi0wP2ZlYXR1cmU9b2VtYmVkJmFtcDtzdGFydCZhbXA7ZW5kJmFtcDt3bW9kZT1vcGFxdWUmYW1wO2xvb3A9MCZhbXA7Y29udHJvbHM9MSZhbXA7bXV0ZT0wJmFtcDtyZWw9MCZhbXA7bW9kZXN0YnJhbmRpbmc9MCI+PC9pZnJhbWU+\"><div class=\"brlbs-cmpnt-cb-preset-c brlbs-cmpnt-cb-youtube\"> <div class=\"brlbs-cmpnt-cb-thumbnail\" style=\"background-image: url('https:\/\/www.ekaterine.de\/wp-content\/uploads\/borlabs-cookie\/1\/yt_R90tWYAhn-0_hqdefault.jpg')\"><\/div> <div class=\"brlbs-cmpnt-cb-main\"> <div class=\"brlbs-cmpnt-cb-play-button\"><\/div> <div class=\"brlbs-cmpnt-cb-content\"> <p class=\"brlbs-cmpnt-cb-description\">Est\u00e1s viendo un contenido de marcador de posici\u00f3n de <strong>Youtube<\/strong>. Para acceder al contenido real, haz clic en el siguiente bot\u00f3n. Ten en cuenta que al hacerlo compartir\u00e1s datos con terceros proveedores.<\/p> <a class=\"brlbs-cmpnt-cb-provider-toggle\" href=\"#\" data-borlabs-cookie-show-provider-information role=\"button\">M\u00e1s informaci\u00f3n<\/a> <\/div> <div class=\"brlbs-cmpnt-cb-buttons\"> <a class=\"brlbs-cmpnt-cb-btn\" href=\"#\" data-borlabs-cookie-unblock role=\"button\">Desbloquear contenido<\/a> <a class=\"brlbs-cmpnt-cb-btn\" href=\"#\" data-borlabs-cookie-accept-service role=\"button\" style=\"display: inherit\">Aceptar el servicio solicitado y desbloquear el contenido<\/a> <\/div> <\/div> <\/div><\/div>\t\t\n\t\t\t\t\tReproducir v\u00eddeo","protected":false},"excerpt":{"rendered":"<p>Scriabin 24 Pr\u00e9ludes op. 11 Est\u00e1s viendo un contenido de marcador de posici\u00f3n de Youtube. Para acceder al contenido real, haz clic en el siguiente bot\u00f3n. Ten en cuenta que al hacerlo compartir\u00e1s datos con terceros proveedores. M\u00e1s informaci\u00f3n Desbloquear contenido Aceptar el servicio requerido y desbloquear el contenido Play Video Chopin Ballade No 4 [&hellip;]<\/p>\n","protected":false},"author":1,"featured_media":2887,"parent":0,"menu_order":0,"comment_status":"closed","ping_status":"closed","template":"","meta":{"_acf_changed":false,"_analytify_skip_tracking":false,"footnotes":""},"class_list":["post-3179","page","type-page","status-publish","has-post-thumbnail","hentry","wpbf-post"],"acf":[],"_links":{"self":[{"href":"https:\/\/www.ekaterine.de\/es\/wp-json\/wp\/v2\/pages\/3179","targetHints":{"allow":["GET"]}}],"collection":[{"href":"https:\/\/www.ekaterine.de\/es\/wp-json\/wp\/v2\/pages"}],"about":[{"href":"https:\/\/www.ekaterine.de\/es\/wp-json\/wp\/v2\/types\/page"}],"author":[{"embeddable":true,"href":"https:\/\/www.ekaterine.de\/es\/wp-json\/wp\/v2\/users\/1"}],"replies":[{"embeddable":true,"href":"https:\/\/www.ekaterine.de\/es\/wp-json\/wp\/v2\/comments?post=3179"}],"version-history":[{"count":22,"href":"https:\/\/www.ekaterine.de\/es\/wp-json\/wp\/v2\/pages\/3179\/revisions"}],"predecessor-version":[{"id":3704,"href":"https:\/\/www.ekaterine.de\/es\/wp-json\/wp\/v2\/pages\/3179\/revisions\/3704"}],"wp:featuredmedia":[{"embeddable":true,"href":"https:\/\/www.ekaterine.de\/es\/wp-json\/wp\/v2\/media\/2887"}],"wp:attachment":[{"href":"https:\/\/www.ekaterine.de\/es\/wp-json\/wp\/v2\/media?parent=3179"}],"curies":[{"name":"wp","href":"https:\/\/api.w.org\/{rel}","templated":true}]}}