{"id":3173,"date":"2021-08-03T16:40:17","date_gmt":"2021-08-03T15:40:17","guid":{"rendered":"http:\/\/www.ekaterine.de\/?page_id=3173"},"modified":"2024-02-08T16:35:04","modified_gmt":"2024-02-08T15:35:04","slug":"biografia","status":"publish","type":"page","link":"https:\/\/www.ekaterine.de\/es\/biografia\/","title":{"rendered":"Biograf\u00eda"},"content":{"rendered":"<h1>\n\t\t\tEkaterine Khvedelidze - Biograf\u00eda\n\t\t<\/h1>\n\t\t\t\t<img decoding=\"async\" src=\"https:\/\/www.ekaterine.de\/wp-content\/uploads\/2022\/05\/IMG_0221-858x1030.jpg\" alt=\"Ekaterine Khvedelidze - Biograf\u00eda\" itemprop=\"image\" title=\"Ekaterine Khvedelidze - Biograf\u00eda\" onerror=\"this.style.display='none'\"  \/>\n\t\n<h2>Ekaterine Khvedelidze - Biograf\u00eda<\/h2>\n<p>Una interpretaci\u00f3n potente y sensible a la vez, un pronunciado sentido de lo l\u00edrico, junto con una expresividad introvertida pero inmediata: estas caracter\u00edsticas describen adecuadamente las interpretaciones de la pianista Ekaterine Khvedelidze.<\/p>\n<p>Compositores de Europa del Este como Fr\u00e9d\u00e9ric Chopin, Alexander Scriabin y Nikolai Medtner centran su compromiso con la m\u00fasica para piano del siglo XIX y principios del XX. El repertorio de Khvedelidze incluye tambi\u00e9n obras de Johannes Brahms, C\u00e9sar Franck, Alban Berg, Robert Schumann y muchos otros compositores.<\/p>\n<p>Nacida en Georgia, recibi\u00f3 clases de piano de la renombrada profesora Medea Gamsakhurdia desde los cinco a\u00f1os. El camino de su vida la llev\u00f3 primero a la Academia de M\u00fasica de Detmold. M\u00e1s tarde, acept\u00f3 la invitaci\u00f3n del legendario pianista ruso Igor Zhukov (1936-2018) para estudiar con \u00e9l en Mosc\u00fa, donde recibi\u00f3 la parte m\u00e1s formativa de su educaci\u00f3n.<\/p>\n<p>Ekaterine Khvedelidze lleva muchos a\u00f1os viviendo en Berl\u00edn. Aparece aqu\u00ed y a nivel nacional con programas de recital inteligentemente organizados; en 2019 debut\u00f3 en la Elbphiharmonie de Hamburgo con un concierto en solitario con las entradas agotadas. En su primer CD, combina sonatas de Scriabin y Medtner con una versi\u00f3n para piano del ciclo para \u00f3rgano de Franck <em>Pr\u00e9lude, Fugue et Variation<\/em>Presentando as\u00ed a tres personalidades compositoras centrales del romanticismo tard\u00edo que son elogiadas por su escritura pian\u00edstica polif\u00f3nica y r\u00edtmicamente compleja.<\/p>\nEkaterine Khvedelidze interpreta con el esp\u00edritu de su mecenas y mentor Zhukov, que fue el primero en presentar una grabaci\u00f3n completa de las sonatas para piano de Alexander Scriabin. En las propias interpretaciones de Khvedelidze de Scriabin, en particular, queda claro por qu\u00e9 Zhukov la ve\u00eda como su sucesora art\u00edstica.<br \/>\n<!-- So wirkt es folgerichtig, dass im Jahr 2023 ihre eigene zyklische Einspielung der zehn Skrjabin-Sonaten erscheinen wird. --><br \/>\nCon las interpretaciones del Concierto para piano en fa sostenido menor de Scriabin (que incluye <a href=\"\/es\/concierto\/scriabin_klavierkonzert_fis_moll_opus_20_leipziger_symphonieorchester_kulturhaus_boehlen\/\">con la Orquesta Sinf\u00f3nica de Leipzig<\/a>), que se inspir\u00f3 en gran medida en los conciertos para piano de Chopin, y las yuxtaposiciones de los 24 Pr\u00e9ludes de Chopin y Scriabin, con los que Ekaterine Khvedelidze aparece regularmente en concierto, es posible abordar el repertorio principal de la artista de diferentes maneras.\n<p>&nbsp;<\/p>","protected":false},"excerpt":{"rendered":"<p>Ekaterine Khvedelidze &#8211; Biographie Ekaterine Khvedelidze &#8211; Biographie Gleicherma\u00dfen kraftvolles wie sensibles Spiel, ein ausgepr\u00e4gter Sinn f\u00fcr Lyrisches, gepaart mit einer introvertierten und doch unmittelbaren Ausdruckskraft &#8211; mit diesen Merkmalen lassen sich die Darbietungen der Pianistin Ekaterine Khvedelidze treffend beschreiben. Im Mittelpunkt ihres Engagements f\u00fcr die Klaviermusik des 19. und fr\u00fchen 20. Jahrhunderts stehen osteurop\u00e4ische [&hellip;]<\/p>\n","protected":false},"author":1,"featured_media":0,"parent":0,"menu_order":0,"comment_status":"closed","ping_status":"closed","template":"","meta":{"_acf_changed":false,"_analytify_skip_tracking":false,"footnotes":""},"class_list":["post-3173","page","type-page","status-publish","hentry","wpbf-post"],"acf":[],"_links":{"self":[{"href":"https:\/\/www.ekaterine.de\/es\/wp-json\/wp\/v2\/pages\/3173","targetHints":{"allow":["GET"]}}],"collection":[{"href":"https:\/\/www.ekaterine.de\/es\/wp-json\/wp\/v2\/pages"}],"about":[{"href":"https:\/\/www.ekaterine.de\/es\/wp-json\/wp\/v2\/types\/page"}],"author":[{"embeddable":true,"href":"https:\/\/www.ekaterine.de\/es\/wp-json\/wp\/v2\/users\/1"}],"replies":[{"embeddable":true,"href":"https:\/\/www.ekaterine.de\/es\/wp-json\/wp\/v2\/comments?post=3173"}],"version-history":[{"count":23,"href":"https:\/\/www.ekaterine.de\/es\/wp-json\/wp\/v2\/pages\/3173\/revisions"}],"predecessor-version":[{"id":3728,"href":"https:\/\/www.ekaterine.de\/es\/wp-json\/wp\/v2\/pages\/3173\/revisions\/3728"}],"wp:attachment":[{"href":"https:\/\/www.ekaterine.de\/es\/wp-json\/wp\/v2\/media?parent=3173"}],"curies":[{"name":"wp","href":"https:\/\/api.w.org\/{rel}","templated":true}]}}