{"id":2300,"date":"2017-08-22T18:17:05","date_gmt":"2017-08-22T17:17:05","guid":{"rendered":"http:\/\/www.ekaterine.de\/newsletter\/"},"modified":"2021-09-23T21:49:08","modified_gmt":"2021-09-23T20:49:08","slug":"boletin-de-noticias","status":"publish","type":"page","link":"https:\/\/www.ekaterine.de\/es\/boletin-de-noticias\/","title":{"rendered":"Bolet\u00edn de noticias Ekaterine Khvedelidze"},"content":{"rendered":"<h1>\n\t\t\tBolet\u00edn de noticias - Ekaterine Khvedelidze\n\t\t<\/h1>\n\tSuscr\u00edbase al bolet\u00edn informativo gratuito de Ekaterine Khvedelidze y mant\u00e9ngase bien informado sobre los conciertos y eventos actuales.","protected":false},"excerpt":{"rendered":"<p>Bolet\u00edn de noticias - Ekaterine Khvedelidze Suscr\u00edbase al bolet\u00edn de noticias gratuito de Ekaterine Khvedelidze y mant\u00e9ngase informado sobre los conciertos y eventos actuales.<\/p>","protected":false},"author":2,"featured_media":2887,"parent":0,"menu_order":9,"comment_status":"closed","ping_status":"closed","template":"","meta":{"_acf_changed":false,"_analytify_skip_tracking":false,"footnotes":""},"class_list":["post-2300","page","type-page","status-publish","has-post-thumbnail","hentry","wpbf-post"],"acf":[],"_links":{"self":[{"href":"https:\/\/www.ekaterine.de\/es\/wp-json\/wp\/v2\/pages\/2300","targetHints":{"allow":["GET"]}}],"collection":[{"href":"https:\/\/www.ekaterine.de\/es\/wp-json\/wp\/v2\/pages"}],"about":[{"href":"https:\/\/www.ekaterine.de\/es\/wp-json\/wp\/v2\/types\/page"}],"author":[{"embeddable":true,"href":"https:\/\/www.ekaterine.de\/es\/wp-json\/wp\/v2\/users\/2"}],"replies":[{"embeddable":true,"href":"https:\/\/www.ekaterine.de\/es\/wp-json\/wp\/v2\/comments?post=2300"}],"version-history":[{"count":4,"href":"https:\/\/www.ekaterine.de\/es\/wp-json\/wp\/v2\/pages\/2300\/revisions"}],"predecessor-version":[{"id":3411,"href":"https:\/\/www.ekaterine.de\/es\/wp-json\/wp\/v2\/pages\/2300\/revisions\/3411"}],"wp:featuredmedia":[{"embeddable":true,"href":"https:\/\/www.ekaterine.de\/es\/wp-json\/wp\/v2\/media\/2887"}],"wp:attachment":[{"href":"https:\/\/www.ekaterine.de\/es\/wp-json\/wp\/v2\/media?parent=2300"}],"curies":[{"name":"wp","href":"https:\/\/api.w.org\/{rel}","templated":true}]}}