{"id":3173,"date":"2021-08-03T16:40:17","date_gmt":"2021-08-03T15:40:17","guid":{"rendered":"http:\/\/www.ekaterine.de\/?page_id=3173"},"modified":"2024-02-08T16:35:04","modified_gmt":"2024-02-08T15:35:04","slug":"biography","status":"publish","type":"page","link":"https:\/\/www.ekaterine.de\/en\/biography\/","title":{"rendered":"Biography"},"content":{"rendered":"<h1>\n\t\t\tEkaterine Khvedelidze - Biography\n\t\t<\/h1>\n\t\t\t\t<img decoding=\"async\" src=\"https:\/\/www.ekaterine.de\/wp-content\/uploads\/2022\/05\/IMG_0221-858x1030.jpg\" alt=\"Ekaterine Khvedelidze - Biography\" itemprop=\"image\" title=\"Ekaterine Khvedelidze - Biography\" onerror=\"this.style.display='none'\"  \/>\n\t\n<h2>Ekaterine Khvedelidze - Biography<\/h2>\n<p>Equally powerful and sensitive playing, a pronounced sense of the lyrical, paired with an introverted yet immediate expressiveness - these characteristics aptly describe the performances of pianist Ekaterine Khvedelidze.<\/p>\n<p>Eastern European composers such as Fr\u00e9d\u00e9ric Chopin, Alexander Scriabin and Nikolai Medtner are at the centre of her commitment to the piano music of the 19th and early 20th centuries. Khvedelidze's repertoire also includes works by Johannes Brahms, C\u00e9sar Franck, Alban Berg, Robert Schumann and many other composers.<\/p>\n<p>Born in Georgia, she received piano lessons from the renowned teacher Medea Gamsakhurdia from the age of five. Her further path in life led her first to the Detmold Academy of Music. Later, she accepted the invitation of the legendary Russian pianist Igor Zhukov (1936-2018) to study with him in Moscow, where she received the most formative part of her education.<\/p>\n<p>Ekaterine Khvedelidze has lived in Berlin for many years. She appears here and nationally with cleverly arranged recital programmes; in 2019 she made her debut at Hamburg's Elbphiharmonie with a sold-out solo concert. On her first CD she combines sonatas by Scriabin and Medtner with a piano version of Franck's organ cycle <em>Pr\u00e9lude, Fugue et Variation<\/em>; thus presenting three central composer personalities of the late Romantic period who are praised for their polyphonic and rhythmically complex piano writing.<\/p>\nEkaterine Khvedelidze performs in the spirit of her patron and mentor Zhukov, who was the first to present a complete recording of Alexander Scriabin's piano sonatas. In Khvedelidze's own interpretations of Scriabin in particular, it becomes clear why Zhukov saw her as his artistic successor.<br \/>\n<!-- So wirkt es folgerichtig, dass im Jahr 2023 ihre eigene zyklische Einspielung der zehn Skrjabin-Sonaten erscheinen wird. --><br \/>\nWith the performances of Scriabin's Piano Concerto in F sharp minor (including <a href=\"\/en\/concert\/scriabin_klavierkonzert_fis_moll_opus_20_leipziger_symphonieorchester_kulturhaus_boehlen\/\">with the Leipzig Symphony Orchestra<\/a>), which was largely inspired by Chopin's piano concertos, and the juxtapositions of the 24 Pr\u00e9ludes by Chopin and Scriabin, with which Ekaterine Khvedelidze regularly appears in concert, it is possible to approach the artist's core repertoire in different ways.\n<p>&nbsp;<\/p>","protected":false},"excerpt":{"rendered":"<p>Ekaterine Khvedelidze &#8211; Biographie Ekaterine Khvedelidze &#8211; Biographie Gleicherma\u00dfen kraftvolles wie sensibles Spiel, ein ausgepr\u00e4gter Sinn f\u00fcr Lyrisches, gepaart mit einer introvertierten und doch unmittelbaren Ausdruckskraft &#8211; mit diesen Merkmalen lassen sich die Darbietungen der Pianistin Ekaterine Khvedelidze treffend beschreiben. Im Mittelpunkt ihres Engagements f\u00fcr die Klaviermusik des 19. und fr\u00fchen 20. Jahrhunderts stehen osteurop\u00e4ische [&hellip;]<\/p>\n","protected":false},"author":1,"featured_media":0,"parent":0,"menu_order":0,"comment_status":"closed","ping_status":"closed","template":"","meta":{"_acf_changed":false,"_analytify_skip_tracking":false,"footnotes":""},"class_list":["post-3173","page","type-page","status-publish","hentry","wpbf-post"],"acf":[],"_links":{"self":[{"href":"https:\/\/www.ekaterine.de\/en\/wp-json\/wp\/v2\/pages\/3173","targetHints":{"allow":["GET"]}}],"collection":[{"href":"https:\/\/www.ekaterine.de\/en\/wp-json\/wp\/v2\/pages"}],"about":[{"href":"https:\/\/www.ekaterine.de\/en\/wp-json\/wp\/v2\/types\/page"}],"author":[{"embeddable":true,"href":"https:\/\/www.ekaterine.de\/en\/wp-json\/wp\/v2\/users\/1"}],"replies":[{"embeddable":true,"href":"https:\/\/www.ekaterine.de\/en\/wp-json\/wp\/v2\/comments?post=3173"}],"version-history":[{"count":23,"href":"https:\/\/www.ekaterine.de\/en\/wp-json\/wp\/v2\/pages\/3173\/revisions"}],"predecessor-version":[{"id":3728,"href":"https:\/\/www.ekaterine.de\/en\/wp-json\/wp\/v2\/pages\/3173\/revisions\/3728"}],"wp:attachment":[{"href":"https:\/\/www.ekaterine.de\/en\/wp-json\/wp\/v2\/media?parent=3173"}],"curies":[{"name":"wp","href":"https:\/\/api.w.org\/{rel}","templated":true}]}}